{"id":2,"date":"2015-01-25T00:16:32","date_gmt":"2015-01-25T00:16:32","guid":{"rendered":"http:\/\/totaltheme.wpengine.com\/construct\/?page_id=2"},"modified":"2025-08-29T12:39:45","modified_gmt":"2025-08-29T17:39:45","slug":"home","status":"publish","type":"page","link":"https:\/\/pretpersonnel.co\/en\/","title":{"rendered":"Pr\u00eat personnel rapide sans enqu\u00eate de cr\u00e9dit"},"content":{"rendered":"<div data-vc-full-width=\"true\" data-vc-full-width-init=\"false\" data-vc-parallax=\"1.5\" class=\"vc_row wpb_row vc_row-fluid vc_custom_1657897973601 vc_general vc_parallax vc_parallax-content-moving wpex-vc_row-has-fill typography-light wpex-vc-row-stretched wpex-has-overlay\"><div class=\"wpb_column vc_column_container vc_col-sm-12\"><div class=\"vc_column-inner\"><div class=\"wpb_wrapper\">\n\t<div style=\"color:#ffffff;font-size:18px;text-align:center;\" class=\"wpb_text_column has-custom-color wpex-child-inherit-color wpb_content_element\" >\n\t\t<div class=\"wpb_wrapper\">\n\t\t\t<h2><span style=\"font-size: 32px;\">Quick personal loan without a credit check, from $250 to $2,500.<\/span><\/h2>\n\n\t\t<\/div>\n\t<\/div>\n\n\t<div style=\"color:#ffffff;font-size:18px;text-align:center;\" class=\"wpb_text_column has-custom-color wpex-child-inherit-color wpb_content_element\" >\n\t\t<div class=\"wpb_wrapper\">\n\t\t\t<h3>Get quick access to an online loan with no credit check or paperwork, even with bad credit.<\/h3>\n\n\t\t<\/div>\n\t<\/div>\n<div class=\"vcex-spacing wpex-w-100 wpex-clear\" style=\"height:60px;\"><\/div>\n\t<div style=\"color:#ffffff;font-size:21px;\" class=\"wpb_text_column has-custom-color wpex-child-inherit-color wpb_content_element\" >\n\t\t<div class=\"wpb_wrapper\">\n\t\t\t\n\t\t<\/div>\n\t<\/div>\n<div class=\"vcex-spacing wpex-w-100 wpex-clear\" style=\"height:30px;\"><\/div><div class=\"textcenter theme-button-wrap wpex-clr\"><a href=\"https:\/\/client.clickid.xyz\/crediscan\/form\/0\/0\/9\" title=\"Learn More\" class=\"vcex-button theme-button flat align-center inline\" target=\"_blank\" style=\"background:#ffb700;font-size:16px;\" rel=\"nofollow noopener noreferrer\" data-wpex-hover=\"{&quot;background&quot;:&quot;#ffc32d&quot;,&quot;color&quot;:&quot;#000000&quot;}\"><span class=\"theme-button-inner\">Online Application<span class=\"vcex-icon-wrap theme-button-icon-right\"><span class=\"ticon ticon-chevron-right\" aria-hidden=\"true\"><\/span><\/span><\/span><\/a><\/div> <\/div><\/div><\/div><div class=\"wpex-bg-overlay-wrap\"><span class=\"wpex-bg-overlay color\" style=\"opacity:0.5;\"><\/span><\/div><\/div><div class=\"vc_row-full-width vc_clearfix\"><\/div><div data-vc-full-width=\"true\" data-vc-full-width-init=\"false\" class=\"vc_row wpb_row vc_row-fluid vc_custom_1489611220024 wpex-vc_row-has-fill wpex-vc-row-stretched wpex-vc-has-custom-column-spacing wpex-vc-column-spacing-0px\"><div class=\"wpb_column vc_column_container vc_col-sm-12\"><div class=\"vc_column-inner\"><div class=\"wpb_wrapper\">\n\t<div style=\"color:#ffffff;font-size:21px;\" class=\"wpb_text_column has-custom-color wpex-child-inherit-color wpb_content_element  wpb_animate_when_almost_visible wpb_appear appear\" >\n\t\t<div class=\"wpb_wrapper\">\n\t\t\t<p style=\"text-align: center;\"><strong>Fast and secure personal loan process for no-documentation credit.<\/strong><\/p>\n\n\t\t<\/div>\n\t<\/div>\n<\/div><\/div><\/div><\/div><div class=\"vc_row-full-width vc_clearfix\"><\/div><div class=\"vc_row wpb_row vc_row-fluid vc_custom_1460667407935\"><div class=\"wpb_column vc_column_container vc_col-sm-4\"><div class=\"vc_column-inner\"><div class=\"wpb_wrapper\"><div class=\"vcex-module vcex-icon-box vcex-icon-box-two wpex-relative wpex-text-center\"><div class=\"vcex-icon-box-symbol wpex-mb-20\"><div class=\"vcex-icon-box-icon wpex-inline-flex wpex-items-center wpex-justify-center wpex-child-inherit-color wpex-text-center wpex-leading-none wpex-text-black\" style=\"color:#000000;font-size:40px;\"><span class=\"ticon ticon-file-text\" aria-hidden=\"true\"><\/span><\/div><\/div><div class=\"vcex-icon-box-text\"><h3 class=\"vcex-icon-box-heading wpex-heading wpex-text-md wpex-mb-10\" style=\"font-weight:400;text-transform:uppercase;\">Online Application<\/h3><div class=\"vcex-icon-box-content wpex-last-mb-0 wpex-clr\"><p>Complete the application form in just a few minutes.<\/p>\n<\/div><\/div><\/div><\/div><\/div><\/div><div class=\"wpb_column vc_column_container vc_col-sm-4\"><div class=\"vc_column-inner\"><div class=\"wpb_wrapper\"><div class=\"vcex-module vcex-icon-box vcex-icon-box-two wpex-relative wpex-text-center\"><div class=\"vcex-icon-box-symbol wpex-mb-20\"><div class=\"vcex-icon-box-icon wpex-inline-flex wpex-items-center wpex-justify-center wpex-child-inherit-color wpex-text-center wpex-leading-none wpex-text-black\" style=\"color:#222222;font-size:40px;\"><span class=\"ticon ticon-telegram\" aria-hidden=\"true\"><\/span><\/div><\/div><div class=\"vcex-icon-box-text\"><h3 class=\"vcex-icon-box-heading wpex-heading wpex-text-md wpex-mb-10\" style=\"font-weight:400;text-transform:uppercase;\">Instant Bank Verification (IBV)<\/h3><div class=\"vcex-icon-box-content wpex-last-mb-0 wpex-clr\"><p>Complete the IBV application to automatically provide your banking information.<\/p>\n<\/div><\/div><\/div><\/div><\/div><\/div><div class=\"wpb_column vc_column_container vc_col-sm-4\"><div class=\"vc_column-inner\"><div class=\"wpb_wrapper\"><div class=\"vcex-module vcex-icon-box vcex-icon-box-two wpex-relative wpex-text-center\"><div class=\"vcex-icon-box-symbol wpex-mb-20\"><div class=\"vcex-icon-box-icon wpex-inline-flex wpex-items-center wpex-justify-center wpex-child-inherit-color wpex-text-center wpex-leading-none wpex-text-black\" style=\"color:#222222;font-size:40px;\"><span class=\"ticon ticon-usd\" aria-hidden=\"true\"><\/span><\/div><\/div><div class=\"vcex-icon-box-text\"><h3 class=\"vcex-icon-box-heading wpex-heading wpex-text-md wpex-mb-10\" style=\"font-weight:400;text-transform:uppercase;\">Direct deposit into your account<\/h3><div class=\"vcex-icon-box-content wpex-last-mb-0 wpex-clr\"><p>If approved, the funds will be deposited directly into your account.<\/p>\n<\/div><\/div><\/div><\/div><\/div><\/div><\/div><div data-vc-full-width=\"true\" data-vc-full-width-init=\"false\" class=\"vc_row wpb_row vc_row-fluid vc_custom_1489611246294 wpex-vc_row-has-fill wpex-vc-row-stretched\"><div class=\"wpb_column vc_column_container vc_col-sm-12\"><div class=\"vc_column-inner\"><div class=\"wpb_wrapper\"><h2 class=\"vcex-heading vcex-module wpex-text-2xl wpex-font-normal wpex-m-auto wpex-max-w-100 vcex-heading-plain wpex-block wpex-text-center\" style=\"font-size:26px;\"><span class=\"vcex-heading-inner wpex-inline-block wpex-clr\">Maximize your chances of approval with a fast and easy online personal loan.<\/span><\/h2><div class=\"vcex-spacing wpex-w-100 wpex-clear\" style=\"height:30px;\"><\/div>\n\t<div style=\"color:#000000;text-align:center;\" class=\"wpb_text_column has-custom-color wpex-child-inherit-color wpb_content_element\" >\n\t\t<div class=\"wpb_wrapper\">\n\t\t\t<p style=\"text-align: center;\">Fast personal loans and no-documentation credit are ideal solutions for unexpected financial needs. Temporary cash flow issues can happen at any time, and in these situations, urgent funding becomes a top priority. PretPersonnel.co uses the best technology to provide you with a fast, simple, and efficient loan\u2014even with bad credit. Our automated process ensures easy access to a loan with no credit check or instant approval credit.<\/p>\n\n\t\t<\/div>\n\t<\/div>\n<div class=\"vc_empty_space\"   style=\"height: 32px\"><span class=\"vc_empty_space_inner\"><\/span><\/div>\n\t<div style=\"color:#000000;text-align:center;\" class=\"wpb_text_column has-custom-color wpex-child-inherit-color wpb_content_element\" >\n\t\t<div class=\"wpb_wrapper\">\n\t\t\t<p style=\"text-align: center;\"><a href=\"https:\/\/pretpersonnel.co\/en\/contact\/\">Contact our private lenders now to get your funding quickly and easily.<\/a><\/p>\n\n\t\t<\/div>\n\t<\/div>\n<\/div><\/div><\/div><\/div><div class=\"vc_row-full-width vc_clearfix\"><\/div><div data-vc-full-width=\"true\" data-vc-full-width-init=\"false\" data-vc-stretch-content=\"true\" data-vc-parallax=\"1.5\" class=\"vc_row wpb_row vc_row-fluid vc_custom_1660229280132 vc_general vc_parallax vc_parallax-content-moving wpex-vc_row-has-fill wpex-vc-row-stretched wpex-has-overlay\"><div class=\"wpb_column vc_column_container vc_col-sm-12\"><div class=\"vc_column-inner\"><div class=\"wpb_wrapper\"><div class=\"vcex-spacing wpex-w-100 wpex-clear\" style=\"height:15px;\"><\/div>\n\t<div style=\"color:#ffffff;font-size:20px;text-align:center;\" class=\"wpb_text_column has-custom-color wpex-child-inherit-color wpb_content_element\" >\n\t\t<div class=\"wpb_wrapper\">\n\t\t\t<h2 style=\"text-align: center;\">Get a quick personal loan!<\/h2>\n\n\t\t<\/div>\n\t<\/div>\n<div class=\"vcex-spacing wpex-w-100 wpex-clear\" style=\"height:6px;\"><\/div>\n\t<div style=\"color:#ffffff;width:700px;\" class=\"wpb_text_column has-custom-color wpex-child-inherit-color wpex-max-w-100 wpex-mx-auto wpb_content_element\" >\n\t\t<div class=\"wpb_wrapper\">\n\t\t\t<p style=\"text-align: center;\">Apply for your fast personal loan online now and receive the funds directly in your bank account within 24 hours of approval. Take advantage of our streamlined process for no-documentation credit or no-credit-check loans, tailored to your urgent needs.<\/p>\n\n\t\t<\/div>\n\t<\/div>\n<\/div><\/div><\/div><div class=\"wpex-bg-overlay-wrap\"><span class=\"wpex-bg-overlay color\" style=\"opacity:0.2;\"><\/span><\/div><\/div><div class=\"vc_row-full-width vc_clearfix\"><\/div><div class=\"vc_row wpb_row vc_row-fluid\"><div class=\"wpb_column vc_column_container vc_col-sm-12\"><div class=\"vc_column-inner vc_custom_1657898480358\"><div class=\"wpb_wrapper\"><\/div><\/div><\/div><\/div><div class=\"vc_row wpb_row vc_row-fluid\"><div class=\"wpb_column vc_column_container vc_col-sm-12\"><div class=\"vc_column-inner vc_custom_1657898480358\"><div class=\"wpb_wrapper\">\n\t<div style=\"color:#d3d3d3;\" class=\"wpb_text_column has-custom-color wpex-child-inherit-color wpb_content_element\" >\n\t\t<div class=\"wpb_wrapper\">\n\t\t\t<h3 dir=\"ltr\"><span style=\"color: #808080; font-size: 18px;\"><strong>Annual Interest<\/strong><\/span><\/h3>\n<p dir=\"ltr\"><span style=\"color: #808080;\"><span class=\"im\">Our APR (Annual Percentage Rate) is 18.99%.<\/span><\/span><\/p>\n<h3 dir=\"ltr\"><span style=\"color: #808080; font-size: 18px;\"><strong>Repayment Plan<\/strong><\/span><\/h3>\n<p dir=\"ltr\"><span style=\"color: #808080;\">Together, we set up minimum payments based on your financial capacity and the preferred term to repay the balance of your credit line.<\/span><\/p>\n<p dir=\"ltr\"><span style=\"color: #808080;\"><em>**Membership fees apply as long as there is an outstanding balance on your credit line.<\/em><\/span><\/p>\n<h3 dir=\"ltr\"><span style=\"color: #808080; font-size: 18px;\"><strong>Repayment Policy<\/strong><\/span><\/h3>\n<p dir=\"ltr\"><span style=\"color: #808080;\">The variable credit lines offered by PretPersonnel.co are typically repaid over 3 to 6 months. We strongly recommend assessing your needs and borrowing only what you need. For instance, if you plan to use one of our credit lines, you can refer to this model: a $500 withdrawal from your credit line with bi-weekly payments of $115.58 over 8 installments.<\/span><\/p>\n<p dir=\"ltr\"><span style=\"color: #808080;\">This example assumes the amount withdrawn on the first transaction is fully repaid before any additional withdrawals. The weekly membership fee of $20.31 is included in the repayment amounts shown in the example. Our credit lines offer flexible repayment options as per the terms of your client agreement and can be repaid in full or in part at any time, even before the typical 3 to 6-month period.<\/span><\/p>\n<h3 dir=\"ltr\"><span style=\"color: #808080; font-size: 18px;\"><strong>Financial Assistance and Credit Score<\/strong><\/span><\/h3>\n<p dir=\"ltr\"><span style=\"color: #808080;\">Our company complies with Canadian legal standards. In the case of special circumstances during your use of the credit line, our customer service team is available to assist you with payment deferrals or any other requests.<\/span><\/p>\n<p dir=\"ltr\"><span style=\"color: #808080;\">Transactions made on your credit line do not impact your credit score, as we do not report to credit agencies.<\/span><\/p>\n<p dir=\"ltr\"><span style=\"color: #808080;\"><em>**Please note that our product is designed for short-term needs and to be repaid in full within a few weeks.<\/em><\/span><\/p>\n\n\t\t<\/div>\n\t<\/div>\n<div class=\"vc_empty_space\"   style=\"height: 32px\"><span class=\"vc_empty_space_inner\"><\/span><\/div>\n\t<div style=\"color:#d3d3d3;\" class=\"wpb_text_column has-custom-color wpex-child-inherit-color wpb_content_element\" >\n\t\t<div class=\"wpb_wrapper\">\n\t\t\t<p style=\"text-align: center;\"><span style=\"color: #dbd7d7; font-size: 21px;\">Personal loan \u00b7 No credit check loan \u00b7 Bad credit \u00b7 Private lender \u00b7 Instant loan \u00b7 Fast cash loan \u00b7 No document loan \u00b7 Online personal loan \u00b7 Microloan<\/span><\/p>\n\n\t\t<\/div>\n\t<\/div>\n<\/div><\/div><\/div><\/div>","protected":false},"excerpt":{"rendered":"<p>Obtenez un pr\u00eat personnel rapide. Faites une demande en ligne d\u00e8s maintenant et les fonds seront d\u00e9pos\u00e9s dans les 24h apr\u00e8s approbation.<\/p>","protected":false},"author":2,"featured_media":125,"parent":0,"menu_order":0,"comment_status":"closed","ping_status":"closed","template":"","meta":{"footnotes":""},"class_list":["post-2","page","type-page","status-publish","has-post-thumbnail","hentry","entry","has-media"],"_links":{"self":[{"href":"https:\/\/pretpersonnel.co\/en\/wp-json\/wp\/v2\/pages\/2","targetHints":{"allow":["GET"]}}],"collection":[{"href":"https:\/\/pretpersonnel.co\/en\/wp-json\/wp\/v2\/pages"}],"about":[{"href":"https:\/\/pretpersonnel.co\/en\/wp-json\/wp\/v2\/types\/page"}],"author":[{"embeddable":true,"href":"https:\/\/pretpersonnel.co\/en\/wp-json\/wp\/v2\/users\/2"}],"replies":[{"embeddable":true,"href":"https:\/\/pretpersonnel.co\/en\/wp-json\/wp\/v2\/comments?post=2"}],"version-history":[{"count":32,"href":"https:\/\/pretpersonnel.co\/en\/wp-json\/wp\/v2\/pages\/2\/revisions"}],"predecessor-version":[{"id":396,"href":"https:\/\/pretpersonnel.co\/en\/wp-json\/wp\/v2\/pages\/2\/revisions\/396"}],"wp:featuredmedia":[{"embeddable":true,"href":"https:\/\/pretpersonnel.co\/en\/wp-json\/wp\/v2\/media\/125"}],"wp:attachment":[{"href":"https:\/\/pretpersonnel.co\/en\/wp-json\/wp\/v2\/media?parent=2"}],"curies":[{"name":"wp","href":"https:\/\/api.w.org\/{rel}","templated":true}]}}