{"id":203,"date":"2015-01-25T00:16:32","date_gmt":"2015-01-25T05:16:32","guid":{"rendered":"https:\/\/pretpersonnel.co\/?page_id=203"},"modified":"2025-01-24T15:55:18","modified_gmt":"2025-01-24T20:55:18","slug":"a-propos","status":"publish","type":"page","link":"https:\/\/pretpersonnel.co\/en\/a-propos\/","title":{"rendered":"About"},"content":{"rendered":"<div data-vc-full-width=\"true\" data-vc-full-width-init=\"false\" data-vc-parallax=\"1.5\" class=\"vc_row wpb_row vc_row-fluid vc_custom_1674507906411 vc_row-o-content-bottom vc_row-flex vc_general vc_parallax vc_parallax-content-moving wpex-vc_row-has-fill typography-light wpex-vc-row-stretched wpex-has-overlay\"><div class=\"wpb_column vc_column_container vc_col-sm-12\"><div class=\"vc_column-inner\"><div class=\"wpb_wrapper\"><div class=\"vcex-spacing wpex-w-100 wpex-clear\" style=\"height:20px;\"><\/div>\n\t<div style=\"color:#ffffff;font-size:20px;text-align:center;\" class=\"wpb_text_column has-custom-color wpex-child-inherit-color wpb_content_element\" >\n\t\t<div class=\"wpb_wrapper\">\n\t\t\t<h2>Simplify your life with a fast and accessible online personal loan.<\/h2>\n\n\t\t<\/div>\n\t<\/div>\n<div class=\"vc_empty_space\"   style=\"height: 32px\"><span class=\"vc_empty_space_inner\"><\/span><\/div>\n\t<div style=\"color:#ffffff;font-size:20px;text-align:center;\" class=\"wpb_text_column has-custom-color wpex-child-inherit-color wpb_content_element\" >\n\t\t<div class=\"wpb_wrapper\">\n\t\t\t<p style=\"text-align: center;\">Discover how PretPersonnel.co helps you get fast funding, even for a no-credit-check loan or with bad credit.<\/p>\n\n\t\t<\/div>\n\t<\/div>\n<div class=\"vcex-spacing wpex-w-100 wpex-clear\" style=\"height:60px;\"><\/div><\/div><\/div><\/div><div class=\"wpex-bg-overlay-wrap\"><span class=\"wpex-bg-overlay color\" style=\"background-color:#000000;opacity:0.5;\"><\/span><\/div><\/div><div class=\"vc_row-full-width vc_clearfix\"><\/div><div data-vc-full-width=\"true\" data-vc-full-width-init=\"false\" class=\"vc_row wpb_row vc_row-fluid vc_custom_1489611220024 wpex-vc_row-has-fill wpex-vc-row-stretched wpex-vc-has-custom-column-spacing wpex-vc-column-spacing-0px\"><div class=\"wpb_column vc_column_container vc_col-sm-12\"><div class=\"vc_column-inner\"><div class=\"wpb_wrapper\">\n\t<div style=\"color:#ffffff;font-size:21px;\" class=\"wpb_text_column has-custom-color wpex-child-inherit-color wpb_content_element  wpb_animate_when_almost_visible wpb_appear appear\" >\n\t\t<div class=\"wpb_wrapper\">\n\t\t\t<h2 style=\"text-align: center;\">Automated process for a fast and hassle-free personal loan.<\/h2>\n\n\t\t<\/div>\n\t<\/div>\n<\/div><\/div><\/div><\/div><div class=\"vc_row-full-width vc_clearfix\"><\/div><div class=\"vc_row wpb_row vc_row-fluid vc_custom_1460667407935\"><div class=\"wpb_column vc_column_container vc_col-sm-6\"><div class=\"vc_column-inner\"><div class=\"wpb_wrapper\">\n\t<div  class=\"wpb_single_image wpb_content_element vc_align_\">\n\t\t\n\t\t<figure class=\"wpb_wrapper vc_figure\">\n\t\t\t<div class=\"vc_single_image-wrapper   vc_box_border_grey\"><img loading=\"lazy\" decoding=\"async\" width=\"842\" height=\"667\" src=\"https:\/\/pretpersonnel.co\/wp-content\/uploads\/2023\/01\/Depositphotos_296540986_S2.jpg\" class=\"vc_single_image-img attachment-full\" alt=\"\" title=\"pretpersonnel.co \u00e9quipe\" srcset=\"https:\/\/pretpersonnel.co\/wp-content\/uploads\/2023\/01\/Depositphotos_296540986_S2.jpg 842w, https:\/\/pretpersonnel.co\/wp-content\/uploads\/2023\/01\/Depositphotos_296540986_S2-300x238.jpg 300w, https:\/\/pretpersonnel.co\/wp-content\/uploads\/2023\/01\/Depositphotos_296540986_S2-768x608.jpg 768w\" sizes=\"auto, (max-width: 842px) 100vw, 842px\"><\/div>\n\t\t<\/figure>\n\t<\/div>\n<\/div><\/div><\/div><div class=\"wpb_column vc_column_container vc_col-sm-6\"><div class=\"vc_column-inner\"><div class=\"wpb_wrapper\">\n\t<div class=\"wpb_text_column wpb_content_element\" >\n\t\t<div class=\"wpb_wrapper\">\n\t\t\t<h3>Your solution for a fast personal loan with PretPersonnel.co<\/h3>\n<p>Our team focuses on fast and concrete results to help you get a personal loan as quickly as possible. Thanks to the automation of our systems, we speed up every step\u2014whether it's a fast loan, a no-credit-check loan, or a credit application.<\/p>\n<h3>10 years of expertise to simplify your financing.<\/h3>\n<p>For over 10 years, we've been helping individuals and businesses get the financing they need. Whether you're looking to calculate a personal loan, get a loan with bad credit, or secure funding through a private lender, our streamlined structure and personalized approach ensure fast, efficient service tailored to your needs.<\/p>\n\n\t\t<\/div>\n\t<\/div>\n<\/div><\/div><\/div><\/div><div data-vc-full-width=\"true\" data-vc-full-width-init=\"false\" class=\"vc_row wpb_row vc_row-fluid vc_custom_1674508849098 wpex-vc_row-has-fill wpex-vc-row-stretched no-bottom-margins\"><div class=\"wpb_column vc_column_container vc_col-sm-12\"><div class=\"vc_column-inner\"><div class=\"wpb_wrapper\"><h2 class=\"vcex-heading vcex-module wpex-text-2xl wpex-font-normal wpex-m-auto wpex-max-w-100 vcex-heading-plain wpex-block wpex-text-center\" style=\"font-size:28px;\"><span class=\"vcex-heading-inner wpex-inline-block wpex-clr\">Get your personal loan online in just a few hours.<\/span><\/h2><div class=\"vcex-spacing wpex-w-100 wpex-clear\" style=\"height:30px;\"><\/div>\n\t<div style=\"color:#000000;text-align:center;\" class=\"wpb_text_column has-custom-color wpex-child-inherit-color wpb_content_element\" >\n\t\t<div class=\"wpb_wrapper\">\n\t\t\t<p style=\"text-align: center;\">Thanks to our advanced technology and automated processing software, we speed up every step of your application. Our team of experts ensures your personal loan is deposited directly into your account in as little as 1 hour\u2014whether it's a fast loan, a no-credit-check loan, or funding tailored to your needs.<\/p>\n\n\t\t<\/div>\n\t<\/div>\n<\/div><\/div><\/div><\/div><div class=\"vc_row-full-width vc_clearfix\"><\/div><div class=\"vc_row wpb_row vc_row-fluid vc_custom_1674508513260 wpex-cols-right\"><div class=\"wpb_column vc_column_container vc_col-sm-6\"><div class=\"vc_column-inner\"><div class=\"wpb_wrapper\">\n\t<div  class=\"wpb_single_image wpb_content_element vc_align_\">\n\t\t\n\t\t<figure class=\"wpb_wrapper vc_figure\">\n\t\t\t<div class=\"vc_single_image-wrapper   vc_box_border_grey\"><img loading=\"lazy\" decoding=\"async\" width=\"177\" height=\"31\" src=\"https:\/\/pretpersonnel.co\/wp-content\/uploads\/2023\/01\/clickid_175x31.png\" class=\"vc_single_image-img attachment-medium\" alt=\"\" title=\"clickid_175x31\"><\/div>\n\t\t<\/figure>\n\t<\/div>\n<\/div><\/div><\/div><div class=\"wpb_column vc_column_container vc_col-sm-6\"><div class=\"vc_column-inner\"><div class=\"wpb_wrapper\">\n\t<div class=\"wpb_text_column wpb_content_element\" >\n\t\t<div class=\"wpb_wrapper\">\n\t\t\t<p style=\"text-align: right;\">We use the instant verification system developed by CreditScan from ClickID. The bank verification is done anonymously, and we receive the analysis results to proceed with your application promptly.<\/p>\n\n\t\t<\/div>\n\t<\/div>\n<\/div><\/div><\/div><\/div><div data-vc-full-width=\"true\" data-vc-full-width-init=\"false\" data-vc-stretch-content=\"true\" data-vc-parallax=\"1.5\" class=\"vc_row wpb_row vc_row-fluid vc_custom_1676302938152 vc_general vc_parallax vc_parallax-content-moving wpex-vc_row-has-fill wpex-vc-row-stretched wpex-has-overlay\"><div class=\"wpb_column vc_column_container vc_col-sm-12\"><div class=\"vc_column-inner\"><div class=\"wpb_wrapper\"><div class=\"vcex-spacing wpex-w-100 wpex-clear\" style=\"height:25px;\"><\/div>\n\t<div style=\"color:#ffffff;font-size:20px;text-align:center;width:900px;\" class=\"wpb_text_column has-custom-color wpex-child-inherit-color wpex-max-w-100 wpex-mx-auto wpb_content_element\" >\n\t\t<div class=\"wpb_wrapper\">\n\t\t\t<h3 style=\"text-align: center;\">The whole team is working for you!<\/h3>\n<p style=\"text-align: center;\">We do everything we can to ensure your online personal loan application\u2014whether it's a fast loan, a no-credit-check loan, or a no-documentation credit\u2014is processed efficiently, quickly, and confidentially. Whether you're looking for a loan with bad credit or a personal loan calculator, we guarantee a discreet solution tailored to your needs.<\/p>\n\n\t\t<\/div>\n\t<\/div>\n<div class=\"vcex-spacing wpex-w-100 wpex-clear\" style=\"height:10px;\"><\/div><\/div><\/div><\/div><div class=\"wpex-bg-overlay-wrap\"><span class=\"wpex-bg-overlay color\" style=\"opacity:0.4;\"><\/span><\/div><\/div><div class=\"vc_row-full-width vc_clearfix\"><\/div><div class=\"vc_row wpb_row vc_row-fluid\"><div class=\"wpb_column vc_column_container vc_col-sm-12\"><div class=\"vc_column-inner vc_custom_1657898480358\"><div class=\"wpb_wrapper\">\n\t<div style=\"color:#d3d3d3;\" class=\"wpb_text_column has-custom-color wpex-child-inherit-color wpb_content_element\" >\n\t\t<div class=\"wpb_wrapper\">\n\t\t\t<p style=\"text-align: center;\"><span style=\"font-size: 21px;\">Personal Loan \u00b7 No Credit Check Loan \u00b7 Bad Credit \u00b7 Private Lender \u00b7 Instant Loan \u00b7 Fast Cash Loan \u00b7 No Document Loan \u00b7 Online Personal Loan<\/span><\/p>\n\n\t\t<\/div>\n\t<\/div>\n<\/div><\/div><\/div><\/div>","protected":false},"excerpt":{"rendered":"<p>On s&rsquo;assure que votre demande de pr\u00eat personnel en ligne est trait\u00e9e rapidement et en toute confidentialit\u00e9.\u00a0<\/p>","protected":false},"author":1,"featured_media":211,"parent":0,"menu_order":0,"comment_status":"closed","ping_status":"closed","template":"","meta":{"footnotes":""},"class_list":["post-203","page","type-page","status-publish","has-post-thumbnail","hentry","entry","has-media"],"_links":{"self":[{"href":"https:\/\/pretpersonnel.co\/en\/wp-json\/wp\/v2\/pages\/203","targetHints":{"allow":["GET"]}}],"collection":[{"href":"https:\/\/pretpersonnel.co\/en\/wp-json\/wp\/v2\/pages"}],"about":[{"href":"https:\/\/pretpersonnel.co\/en\/wp-json\/wp\/v2\/types\/page"}],"author":[{"embeddable":true,"href":"https:\/\/pretpersonnel.co\/en\/wp-json\/wp\/v2\/users\/1"}],"replies":[{"embeddable":true,"href":"https:\/\/pretpersonnel.co\/en\/wp-json\/wp\/v2\/comments?post=203"}],"version-history":[{"count":25,"href":"https:\/\/pretpersonnel.co\/en\/wp-json\/wp\/v2\/pages\/203\/revisions"}],"predecessor-version":[{"id":394,"href":"https:\/\/pretpersonnel.co\/en\/wp-json\/wp\/v2\/pages\/203\/revisions\/394"}],"wp:featuredmedia":[{"embeddable":true,"href":"https:\/\/pretpersonnel.co\/en\/wp-json\/wp\/v2\/media\/211"}],"wp:attachment":[{"href":"https:\/\/pretpersonnel.co\/en\/wp-json\/wp\/v2\/media?parent=203"}],"curies":[{"name":"wp","href":"https:\/\/api.w.org\/{rel}","templated":true}]}}