{"id":232,"date":"2015-01-25T00:16:32","date_gmt":"2015-01-25T05:16:32","guid":{"rendered":"https:\/\/pretpersonnel.co\/?page_id=232"},"modified":"2025-01-24T15:48:31","modified_gmt":"2025-01-24T20:48:31","slug":"pret-rapide","status":"publish","type":"page","link":"https:\/\/pretpersonnel.co\/en\/pret-rapide\/","title":{"rendered":"Quick loan"},"content":{"rendered":"<div data-vc-full-width=\"true\" data-vc-full-width-init=\"false\" data-vc-parallax=\"1.5\" class=\"vc_row wpb_row vc_row-fluid vc_custom_1674576912156 vc_general vc_parallax vc_parallax-content-moving wpex-vc_row-has-fill typography-light wpex-vc-row-stretched wpex-has-overlay\"><div class=\"wpb_column vc_column_container vc_col-sm-12\"><div class=\"vc_column-inner\"><div class=\"wpb_wrapper\">\n\t<div style=\"color:#ffffff;font-size:20px;text-align:center;\" class=\"wpb_text_column has-custom-color wpex-child-inherit-color wpb_content_element\" >\n\t\t<div class=\"wpb_wrapper\">\n\t\t\t<h2>A fast and easy loan to meet your financial needs.<\/h2>\n\n\t\t<\/div>\n\t<\/div>\n\n\t<div style=\"color:#ffffff;font-size:20px;text-align:center;\" class=\"wpb_text_column has-custom-color wpex-child-inherit-color wpb_content_element\" >\n\t\t<div class=\"wpb_wrapper\">\n\t\t\t<h3><span style=\"font-size: 18px;\">Get immediate funding, even without documentation or a credit check.<\/span><\/h3>\n\n\t\t<\/div>\n\t<\/div>\n<div class=\"vcex-spacing wpex-w-100 wpex-clear\" style=\"height:80px;\"><\/div><div class=\"vcex-spacing wpex-w-100 wpex-clear\" style=\"height:10px;\"><\/div><\/div><\/div><\/div><div class=\"wpex-bg-overlay-wrap\"><span class=\"wpex-bg-overlay color\" style=\"opacity:0.5;\"><\/span><\/div><\/div><div class=\"vc_row-full-width vc_clearfix\"><\/div><div class=\"vc_row wpb_row vc_row-fluid vc_custom_1460667407935\"><div class=\"wpb_column vc_column_container vc_col-sm-4\"><div class=\"vc_column-inner\"><div class=\"wpb_wrapper\"><div class=\"vcex-module vcex-icon-box vcex-icon-box-two wpex-relative wpex-text-center\"><div class=\"vcex-icon-box-symbol wpex-mb-20\"><div class=\"vcex-icon-box-icon wpex-inline-flex wpex-items-center wpex-justify-center wpex-child-inherit-color wpex-text-center wpex-leading-none wpex-text-black\" style=\"color:#000000;font-size:40px;\"><span class=\"vc-material vc-material-filter_1\" aria-hidden=\"true\"><\/span><\/div><\/div><div class=\"vcex-icon-box-text\"><h3 class=\"vcex-icon-box-heading wpex-heading wpex-text-md wpex-mb-10\" style=\"font-weight:400;text-transform:uppercase;\">Fill out our online loan application form.<\/h3><div class=\"vcex-icon-box-content wpex-last-mb-0 wpex-clr\"><p>Complete our online form for a fast personal loan or no-documentation credit in just a few minutes. This quick and easy step allows you to receive an email outlining the next steps in your application.<\/p>\n<\/div><\/div><\/div><\/div><\/div><\/div><div class=\"wpb_column vc_column_container vc_col-sm-4\"><div class=\"vc_column-inner\"><div class=\"wpb_wrapper\"><div class=\"vcex-module vcex-icon-box vcex-icon-box-two wpex-relative wpex-text-center\"><div class=\"vcex-icon-box-symbol wpex-mb-20\"><div class=\"vcex-icon-box-icon wpex-inline-flex wpex-items-center wpex-justify-center wpex-child-inherit-color wpex-text-center wpex-leading-none wpex-text-black\" style=\"color:#222222;font-size:40px;\"><span class=\"vc-material vc-material-filter_2\" aria-hidden=\"true\"><\/span><\/div><\/div><div class=\"vcex-icon-box-text\"><h3 class=\"vcex-icon-box-heading wpex-heading wpex-text-md wpex-mb-10\" style=\"font-weight:400;text-transform:uppercase;\">Fast approval for your personal loan.<\/h3><div class=\"vcex-icon-box-content wpex-last-mb-0 wpex-clr\"><p>As soon as we receive your information by email, we review your application quickly and confidentially. Our process is designed to offer you a no-credit-check loan or instant credit, even with bad credit.<\/p>\n<\/div><\/div><\/div><\/div><\/div><\/div><div class=\"wpb_column vc_column_container vc_col-sm-4\"><div class=\"vc_column-inner\"><div class=\"wpb_wrapper\"><div class=\"vcex-module vcex-icon-box vcex-icon-box-two wpex-relative wpex-text-center\"><div class=\"vcex-icon-box-symbol wpex-mb-20\"><div class=\"vcex-icon-box-icon wpex-inline-flex wpex-items-center wpex-justify-center wpex-child-inherit-color wpex-text-center wpex-leading-none wpex-text-black\" style=\"color:#222222;font-size:40px;\"><span class=\"vc-material vc-material-filter_3\" aria-hidden=\"true\"><\/span><\/div><\/div><div class=\"vcex-icon-box-text\"><h3 class=\"vcex-icon-box-heading wpex-heading wpex-text-md wpex-mb-10\" style=\"font-weight:400;text-transform:uppercase;\">Receive your loan quickly in your bank account.<\/h3><div class=\"vcex-icon-box-content wpex-last-mb-0 wpex-clr\"><p>Once your application is approved, the money is transferred directly to your bank account via Interac e-Transfer. Enjoy a hassle-free online fast loan and use the funds immediately to meet your urgent needs.<\/p>\n<\/div><\/div><\/div><\/div><\/div><\/div><\/div><div data-vc-full-width=\"true\" data-vc-full-width-init=\"false\" class=\"vc_row wpb_row vc_row-fluid vc_custom_1489611220024 wpex-vc_row-has-fill wpex-vc-row-stretched wpex-vc-has-custom-column-spacing wpex-vc-column-spacing-0px\"><div class=\"wpb_column vc_column_container vc_col-sm-12\"><div class=\"vc_column-inner\"><div class=\"wpb_wrapper\">\n\t<div style=\"color:#ffffff;font-size:21px;\" class=\"wpb_text_column has-custom-color wpex-child-inherit-color wpb_content_element  wpb_animate_when_almost_visible wpb_appear appear\" >\n\t\t<div class=\"wpb_wrapper\">\n\t\t\t<p style=\"text-align: center;\"><strong>Automated system for fast and efficient processing of your application.<\/strong><\/p>\n\n\t\t<\/div>\n\t<\/div>\n<\/div><\/div><\/div><\/div><div class=\"vc_row-full-width vc_clearfix\"><\/div><div class=\"vc_row wpb_row vc_row-fluid vc_custom_1460667407935\"><div class=\"wpb_column vc_column_container vc_col-sm-6\"><div class=\"vc_column-inner\"><div class=\"wpb_wrapper\">\n\t<div  class=\"wpb_single_image wpb_content_element vc_align_\">\n\t\t\n\t\t<figure class=\"wpb_wrapper vc_figure\">\n\t\t\t<div class=\"vc_single_image-wrapper   vc_box_border_grey\"><img loading=\"lazy\" decoding=\"async\" width=\"600\" height=\"600\" src=\"https:\/\/pretpersonnel.co\/wp-content\/uploads\/2023\/01\/demande-de-pret-en-ligne.jpg\" class=\"vc_single_image-img attachment-full\" alt=\"\" title=\"demande de pr\u00eat en ligne\" srcset=\"https:\/\/pretpersonnel.co\/wp-content\/uploads\/2023\/01\/demande-de-pret-en-ligne.jpg 600w, https:\/\/pretpersonnel.co\/wp-content\/uploads\/2023\/01\/demande-de-pret-en-ligne-300x300.jpg 300w, https:\/\/pretpersonnel.co\/wp-content\/uploads\/2023\/01\/demande-de-pret-en-ligne-150x150.jpg 150w\" sizes=\"auto, (max-width: 600px) 100vw, 600px\"><\/div>\n\t\t<\/figure>\n\t<\/div>\n<\/div><\/div><\/div><div class=\"wpb_column vc_column_container vc_col-sm-6\"><div class=\"vc_column-inner\"><div class=\"wpb_wrapper\">\n\t<div class=\"wpb_text_column wpb_content_element\" >\n\t\t<div class=\"wpb_wrapper\">\n\t\t\t<h2>Fast online personal loan application<\/h2>\n<p>We offer fast online personal loans in amounts of $250, $500, $750, $1,000, $1,250, and $1,500. Everything is done in just a few clicks and with complete ease. Thanks to our no-credit-check process, you increase your chances of approval\u2014even if you have bad credit or an imperfect financial history.<\/p>\n<p>No credit inquiry will be recorded on your file, giving you access to no-documentation credit with no impact on your credit score.<\/p>\n<h2>Secure and hassle-free personal loans<\/h2>\n<p>Our instant bank verification (IBV) application system, unique in Quebec, allows us to securely and quickly assess your debt ratio. This technology ensures a reliable process and protects all parties involved from fraud, while providing safe and accessible instant credit.<\/p>\n\n\t\t<\/div>\n\t<\/div>\n<\/div><\/div><\/div><\/div><div data-vc-full-width=\"true\" data-vc-full-width-init=\"false\" class=\"vc_row wpb_row vc_row-fluid vc_custom_1489611246294 wpex-vc_row-has-fill wpex-vc-row-stretched\"><div class=\"wpb_column vc_column_container vc_col-sm-12\"><div class=\"vc_column-inner\"><div class=\"wpb_wrapper\"><h2 class=\"vcex-heading vcex-module wpex-text-2xl wpex-font-normal wpex-m-auto wpex-max-w-100 vcex-heading-plain wpex-block wpex-text-center\" style=\"font-size:28px;\"><span class=\"vcex-heading-inner wpex-inline-block wpex-clr\">Increase your chances of getting a fast personal loan.<\/span><\/h2><div class=\"vcex-spacing wpex-w-100 wpex-clear\" style=\"height:30px;\"><\/div>\n\t<div style=\"color:#000000;text-align:center;\" class=\"wpb_text_column has-custom-color wpex-child-inherit-color wpb_content_element\" >\n\t\t<div class=\"wpb_wrapper\">\n\t\t\t<p style=\"text-align: center;\">Financial emergencies, like unexpected expenses or short-term cash needs, can happen at any time. At PretPersonnel.co, we simplify the process to offer you a fast personal loan\u2014whether it's a no-credit-check loan or a quick credit application. With our advanced tools, we speed up processing and increase your chances of approval, even for loans with bad credit.<\/p>\n<p style=\"text-align: center;\">Contact us now to discover flexible solutions, whether you're looking to calculate a personal loan or access funding through a private lender.<\/p>\n\n\t\t<\/div>\n\t<\/div>\n<div class=\"vc_empty_space\"   style=\"height: 32px\"><span class=\"vc_empty_space_inner\"><\/span><\/div>\n\t<div style=\"color:#000000;text-align:center;\" class=\"wpb_text_column has-custom-color wpex-child-inherit-color wpb_content_element\" >\n\t\t<div class=\"wpb_wrapper\">\n\t\t\t<p style=\"text-align: center;\"><a href=\"https:\/\/pretpersonnel.co\/en\/contact\/\">Get in touch with us now to obtain a fast personal loan or a solution tailored to your situation.<\/a><\/p>\n\n\t\t<\/div>\n\t<\/div>\n<\/div><\/div><\/div><\/div><div class=\"vc_row-full-width vc_clearfix\"><\/div><div data-vc-full-width=\"true\" data-vc-full-width-init=\"false\" data-vc-stretch-content=\"true\" data-vc-parallax=\"1.5\" class=\"vc_row wpb_row vc_row-fluid vc_custom_1660229280132 vc_general vc_parallax vc_parallax-content-moving wpex-vc_row-has-fill wpex-vc-row-stretched wpex-has-overlay\"><div class=\"wpb_column vc_column_container vc_col-sm-12\"><div class=\"vc_column-inner\"><div class=\"wpb_wrapper\"><div class=\"vcex-spacing wpex-w-100 wpex-clear\" style=\"height:15px;\"><\/div>\n\t<div style=\"color:#ffffff;font-size:20px;text-align:center;width:700px;\" class=\"wpb_text_column has-custom-color wpex-child-inherit-color wpex-max-w-100 wpex-mx-auto wpb_content_element\" >\n\t\t<div class=\"wpb_wrapper\">\n\t\t\t<h3 style=\"text-align: center;\">Get a no-credit-check loan.<\/h3>\n<p style=\"text-align: center;\">Apply for credit online now. Whether you need a fast loan, no-documentation credit, or a loan with bad credit, your funds could be deposited within 24 hours of approval.<\/p>\n\n\t\t<\/div>\n\t<\/div>\n<div class=\"vcex-spacing wpex-w-100 wpex-clear\" style=\"height:6px;\"><\/div><\/div><\/div><\/div><div class=\"wpex-bg-overlay-wrap\"><span class=\"wpex-bg-overlay color\" style=\"opacity:0.2;\"><\/span><\/div><\/div><div class=\"vc_row-full-width vc_clearfix\"><\/div><div class=\"vc_row wpb_row vc_row-fluid\"><div class=\"wpb_column vc_column_container vc_col-sm-12\"><div class=\"vc_column-inner vc_custom_1657898480358\"><div class=\"wpb_wrapper\">\n\t<div style=\"color:#d3d3d3;\" class=\"wpb_text_column has-custom-color wpex-child-inherit-color wpb_content_element\" >\n\t\t<div class=\"wpb_wrapper\">\n\t\t\t<p style=\"text-align: center;\"><span style=\"font-size: 21px;\">Personal Loan \u00b7 No Credit Check Loan \u00b7 Bad Credit \u00b7 Private Lender \u00b7 Instant Loan \u00b7 Fast Cash Loan \u00b7 No Document Loan \u00b7 Online Personal Loan<\/span><\/p>\n\n\t\t<\/div>\n\t<\/div>\n<\/div><\/div><\/div><\/div>","protected":false},"excerpt":{"rendered":"<p>Acc\u00e9l\u00e9rez et augmentez vos chances d&rsquo;obtenir un pr\u00eat rapide.<\/p>","protected":false},"author":1,"featured_media":237,"parent":0,"menu_order":0,"comment_status":"closed","ping_status":"closed","template":"","meta":{"footnotes":""},"class_list":["post-232","page","type-page","status-publish","has-post-thumbnail","hentry","entry","has-media"],"_links":{"self":[{"href":"https:\/\/pretpersonnel.co\/en\/wp-json\/wp\/v2\/pages\/232","targetHints":{"allow":["GET"]}}],"collection":[{"href":"https:\/\/pretpersonnel.co\/en\/wp-json\/wp\/v2\/pages"}],"about":[{"href":"https:\/\/pretpersonnel.co\/en\/wp-json\/wp\/v2\/types\/page"}],"author":[{"embeddable":true,"href":"https:\/\/pretpersonnel.co\/en\/wp-json\/wp\/v2\/users\/1"}],"replies":[{"embeddable":true,"href":"https:\/\/pretpersonnel.co\/en\/wp-json\/wp\/v2\/comments?post=232"}],"version-history":[{"count":11,"href":"https:\/\/pretpersonnel.co\/en\/wp-json\/wp\/v2\/pages\/232\/revisions"}],"predecessor-version":[{"id":393,"href":"https:\/\/pretpersonnel.co\/en\/wp-json\/wp\/v2\/pages\/232\/revisions\/393"}],"wp:featuredmedia":[{"embeddable":true,"href":"https:\/\/pretpersonnel.co\/en\/wp-json\/wp\/v2\/media\/237"}],"wp:attachment":[{"href":"https:\/\/pretpersonnel.co\/en\/wp-json\/wp\/v2\/media?parent=232"}],"curies":[{"name":"wp","href":"https:\/\/api.w.org\/{rel}","templated":true}]}}