{"id":3,"date":"2022-03-23T15:30:38","date_gmt":"2022-03-23T15:30:38","guid":{"rendered":"http:\/\/35.203.104.32\/?page_id=3"},"modified":"2024-10-02T12:52:47","modified_gmt":"2024-10-02T17:52:47","slug":"politique-de-confidentialite","status":"publish","type":"page","link":"https:\/\/pretpersonnel.co\/en\/politique-de-confidentialite\/","title":{"rendered":"Privacy Policy"},"content":{"rendered":"<div class=\"vc_row wpb_row vc_row-fluid\"><div class=\"wpb_column vc_column_container vc_col-sm-12\"><div class=\"vc_column-inner\"><div class=\"wpb_wrapper\">\n\t<div class=\"wpb_text_column wpb_content_element\" >\n\t\t<div class=\"wpb_wrapper\">\n\t\t\t<h1>Privacy Policy<\/h1>\n<p class=\" translation-block\">Last Updated: March 6, 2023\nEffective Date: March 6, 2023<\/p>\n<p>This Privacy Policy outlines the policies of Pretpersonnel, located at 200-450 St-Jean-Baptiste Ave, Quebec, G2E 6H5, Canada, email: info@pretpersonnel.co, on the collection, use, and disclosure of your information when you use our website (https:\/\/pretpersonnel.co\/) (the \u201cService\u201d). By accessing or using the Service, you consent to the collection, use, and disclosure of your information in accordance with this Privacy Policy. If you do not consent, please do not access or use the Service.<\/p>\n<p>We may modify this Privacy Policy at any time without notice, and we will post the revised Privacy Policy on the Service. The revised Policy will be effective 180 days after being posted on the Service, and continued access or use of the Service after this period constitutes your acceptance of the revised Privacy Policy. We encourage you to review this page periodically.<\/p>\n<p>Information We Collect:<br \/>\nWe collect and process the following personal information about you:<\/p>\n<p class=\" translation-block\">Name<br>\nEmail<br>\nMobile<\/p>\n<p>How We Use Your Information:<br \/>\nWe will use the information we collect about you for the following purposes:<\/p>\n<h2>Support<\/h2>\n<p>Administrative Information<br \/>\nIf we intend to use your information for other purposes, we will seek your consent and will only use your information for those purposes after receiving your consent, except as otherwise required by law.<\/p>\n<p>How We Share Your Information:<br \/>\nWe will not transfer your personal information to any third party without your consent, except in limited circumstances as described below:<\/p>\n<h2>Analytics<\/h2>\n<h2>Data Collection and Processing<\/h2>\n<p>We request that these third parties use the personal information we transfer to them only for the purpose for which it was transferred and do not retain it longer than necessary for fulfilling that purpose.<br \/>\nWe may also disclose your personal information in the following circumstances: (1) to comply with applicable laws, regulations, court orders, or other legal processes; (2) to enforce the agreements you enter into with us, including this Privacy Policy; or (3) to respond to claims that your use of the Service violates third-party rights. If the Service or our company is merged with or acquired by another company, your information will be among the assets transferred to the new owner.<\/p>\n<h2>Retention of Your Information:<\/h2>\n<p>We will retain your personal information for between 90 days and 2 years after users terminate their accounts or for as long as necessary to fulfill the purposes for which it was collected, as outlined in this Privacy Policy. Certain information may need to be retained for longer periods for record-keeping or reporting purposes in accordance with applicable law, or for other legitimate reasons, such as enforcing legal rights or preventing fraud. Residual anonymous information and aggregate data that cannot directly or indirectly identify you may be retained indefinitely.<\/p>\n<h2>Your Rights:<\/h2>\n<p>Depending on applicable law, you may have a right to access, rectify, or delete your personal data, receive a copy of your personal data, restrict or object to the active processing of your data, request the transfer of your personal data to another entity, withdraw any consent you previously provided for data processing, file a complaint with a regulatory authority, and any other rights that may be relevant under applicable law. To exercise these rights, you may contact us at info@pretpersonnel.co. We will respond to your request in accordance with applicable law.<br \/>\nPlease note that if you do not allow us to collect or process the required personal information or withdraw consent to process such information for the required purposes, you may not be able to access or use the services for which your information was requested.<\/p>\n<h2>Cookies and More<\/h2>\n<p><strong>What are Cookies?<\/strong><\/p>\n<p>This Cookies Policy explains what cookies are, how we use them, the types of cookies we use, the information we collect using cookies, and how that information is used, as well as how to manage your cookie settings.<\/p>\n<p>Cookies are small text files used to store small pieces of information. They are stored on your device when the website is loaded in your browser. These cookies help us ensure the website functions correctly, make it more secure, provide a better user experience, and help us understand how the site performs and analyze what needs improvement.<\/p>\n<p><strong>How We Use Cookies:<\/strong><\/p>\n<p>Like most online services, our website uses first-party and third-party cookies for several purposes. First-party cookies are mostly necessary for the website to function properly and do not collect any personally identifiable data.<\/p>\n<p>The third-party cookies used on our website are primarily for understanding how the website performs, interacting with our site, ensuring our services\u2019 security, delivering relevant advertisements to you, and generally providing you with a better user experience and speeding up future interactions with our site.<\/p>\n<p><strong>Types of Cookies We Use<\/strong><\/p>\n<p>You can change your cookie preferences at any time by clicking the button above. This allows you to revisit the cookie consent banner and change your preferences or withdraw your consent immediately.<\/p>\n<p>Additionally, different browsers offer various ways to block and delete cookies used by websites. You can change your browser settings to block or delete cookies. Below are links to support documentation on managing and deleting cookies from major web browsers:<\/p>\n<p>Chrome : https:\/\/support.google.com\/accounts\/answer\/32050<br \/>\nSafari : https:\/\/support.apple.com\/en-in\/guide\/safari\/sfri11471\/mac<br \/>\nFirefox : https:\/\/support.mozilla.org\/en-US\/kb\/clear-cookies-and-site-data-firefox?redirectslug=delete-cookies-remove-info-websites-stored&amp;redirectlocale=en-US<br \/>\nInternet Explorer : https:\/\/support.microsoft.com\/en-us\/topic\/how-to-delete-cookie-files-in-internet-explorer-bca9446f-d873-78de-77ba-d42645fa52fc<\/p>\n<p>If you use another web browser, please consult the official support documents for your browser.<\/p>\n<h2>Security:<\/h2>\n<p>The security of your information is important to us, and we use reasonable security measures to prevent the loss, misuse, or unauthorized alteration of your information under our control. However, given the inherent risks, we cannot guarantee absolute security; therefore, we cannot ensure or warrant the security of any information you transmit to us, and you do so at your own risk.<\/p>\n<h2>Grievances \/ Data Protection Officer:<\/h2>\n<p>If you have any questions or concerns regarding the processing of your information with us, you may email our grievance officer at Pretpersonnel, 200-450 St-Jean-Baptiste Ave, email: info@pretpersonnel.co. We will address your concerns in accordance with applicable law.<\/p>\n\n\t\t<\/div>\n\t<\/div>\n<\/div><\/div><\/div><\/div>","protected":false},"excerpt":{"rendered":"Politique de confidentialit\u00e9 Derni\u00e8re mise \u00e0 jour le 06-Mar-2023 Date d'entr\u00e9e en vigueur 06-Mar-2023 Cette politique de confidentialit\u00e9 d\u00e9crit les politiques de Pretpersonnel, 200-450 ave. St-Jean-Baptiste, Qu\u00e9bec G2E 6H5, Canada, courriel : info@pretpersonnel.co,\u00a0 sur la collecte, l'utilisation et la divulgation de vos informations que nous recueillons lorsque vous utilisez notre site Web ( https:\/\/pretpersonnel.co\/ ).&hellip;","protected":false},"author":1,"featured_media":0,"parent":0,"menu_order":0,"comment_status":"closed","ping_status":"open","template":"templates\/no-sidebar.php","meta":{"footnotes":""},"class_list":["post-3","page","type-page","status-publish","hentry","entry","no-media"],"_links":{"self":[{"href":"https:\/\/pretpersonnel.co\/en\/wp-json\/wp\/v2\/pages\/3","targetHints":{"allow":["GET"]}}],"collection":[{"href":"https:\/\/pretpersonnel.co\/en\/wp-json\/wp\/v2\/pages"}],"about":[{"href":"https:\/\/pretpersonnel.co\/en\/wp-json\/wp\/v2\/types\/page"}],"author":[{"embeddable":true,"href":"https:\/\/pretpersonnel.co\/en\/wp-json\/wp\/v2\/users\/1"}],"replies":[{"embeddable":true,"href":"https:\/\/pretpersonnel.co\/en\/wp-json\/wp\/v2\/comments?post=3"}],"version-history":[{"count":4,"href":"https:\/\/pretpersonnel.co\/en\/wp-json\/wp\/v2\/pages\/3\/revisions"}],"predecessor-version":[{"id":381,"href":"https:\/\/pretpersonnel.co\/en\/wp-json\/wp\/v2\/pages\/3\/revisions\/381"}],"wp:attachment":[{"href":"https:\/\/pretpersonnel.co\/en\/wp-json\/wp\/v2\/media?parent=3"}],"curies":[{"name":"wp","href":"https:\/\/api.w.org\/{rel}","templated":true}]}}